{"id":15,"date":"2023-03-16T12:24:50","date_gmt":"2023-03-16T12:24:50","guid":{"rendered":"https:\/\/yaziciotomasyon.com.tr\/?page_id=15"},"modified":"2023-03-16T12:24:59","modified_gmt":"2023-03-16T12:24:59","slug":"anasayfa","status":"publish","type":"page","link":"https:\/\/yaziciotomasyon.com.tr\/","title":{"rendered":"Anasayfa"},"content":{"rendered":"","protected":false},"excerpt":{"rendered":"","protected":false},"author":1,"featured_media":0,"parent":0,"menu_order":0,"comment_status":"closed","ping_status":"closed","template":"template-homepage.php","meta":{"footnotes":""},"class_list":["post-15","page","type-page","status-publish","hentry"],"yoast_head":"<!-- This site is optimized with the Yoast SEO plugin v20.3 - https:\/\/yoast.com\/wordpress\/plugins\/seo\/ -->\n<title>YAZICI OTOMASYON :: CNC MAK\u0130NE PAR\u00c7ALARI<\/title>\n<meta name=\"description\" content=\"Yaz\u0131c\u0131 otomasyon , cnc makine par\u00e7alar\u0131 , Karb\u00fcr frezeler , Elmas kesici u\u00e7lar , El aletleri , Matkap u\u00e7lar\u0131 , Torna malzemeleri\" \/>\n<meta name=\"robots\" content=\"index, follow, max-snippet:-1, max-image-preview:large, max-video-preview:-1\" \/>\n<link rel=\"canonical\" href=\"https:\/\/yaziciotomasyon.com.tr\/\" \/>\n<meta property=\"og:locale\" content=\"tr_TR\" \/>\n<meta property=\"og:type\" content=\"article\" \/>\n<meta property=\"og:title\" content=\"YAZICI OTOMASYON :: CNC MAK\u0130NE PAR\u00c7ALARI\" \/>\n<meta property=\"og:description\" content=\"Yaz\u0131c\u0131 otomasyon , cnc makine par\u00e7alar\u0131 , Karb\u00fcr frezeler , Elmas kesici u\u00e7lar , El aletleri , Matkap u\u00e7lar\u0131 , Torna malzemeleri\" \/>\n<meta property=\"og:url\" content=\"https:\/\/yaziciotomasyon.com.tr\/\" \/>\n<meta property=\"og:site_name\" content=\"Yaz\u0131c\u0131 Otomasyon\" \/>\n<meta property=\"article:modified_time\" content=\"2023-03-16T12:24:59+00:00\" \/>\n<meta name=\"twitter:card\" content=\"summary_large_image\" \/>\n<script type=\"application\/ld+json\" class=\"yoast-schema-graph\">{\"@context\":\"https:\/\/schema.org\",\"@graph\":[{\"@type\":\"WebPage\",\"@id\":\"https:\/\/yaziciotomasyon.com.tr\/\",\"url\":\"https:\/\/yaziciotomasyon.com.tr\/\",\"name\":\"YAZICI OTOMASYON :: CNC MAK\u0130NE PAR\u00c7ALARI\",\"isPartOf\":{\"@id\":\"https:\/\/yaziciotomasyon.com.tr\/#website\"},\"datePublished\":\"2023-03-16T12:24:50+00:00\",\"dateModified\":\"2023-03-16T12:24:59+00:00\",\"description\":\"Yaz\u0131c\u0131 otomasyon , cnc makine par\u00e7alar\u0131 , Karb\u00fcr frezeler , Elmas kesici u\u00e7lar , El aletleri , Matkap u\u00e7lar\u0131 , Torna malzemeleri\",\"breadcrumb\":{\"@id\":\"https:\/\/yaziciotomasyon.com.tr\/#breadcrumb\"},\"inLanguage\":\"tr\",\"potentialAction\":[{\"@type\":\"ReadAction\",\"target\":[\"https:\/\/yaziciotomasyon.com.tr\/\"]}]},{\"@type\":\"BreadcrumbList\",\"@id\":\"https:\/\/yaziciotomasyon.com.tr\/#breadcrumb\",\"itemListElement\":[{\"@type\":\"ListItem\",\"position\":1,\"name\":\"Anasayfa\",\"item\":\"https:\/\/yaziciotomasyon.com.tr\/\"},{\"@type\":\"ListItem\",\"position\":2,\"name\":\"Anasayfa\"}]},{\"@type\":\"WebSite\",\"@id\":\"https:\/\/yaziciotomasyon.com.tr\/#website\",\"url\":\"https:\/\/yaziciotomasyon.com.tr\/\",\"name\":\"Yaz\u0131c\u0131 Otomasyon\",\"description\":\"\",\"potentialAction\":[{\"@type\":\"SearchAction\",\"target\":{\"@type\":\"EntryPoint\",\"urlTemplate\":\"https:\/\/yaziciotomasyon.com.tr\/?s={search_term_string}\"},\"query-input\":\"required name=search_term_string\"}],\"inLanguage\":\"tr\"}]}<\/script>\n<!-- \/ Yoast SEO plugin. -->","yoast_head_json":{"title":"YAZICI OTOMASYON :: CNC MAK\u0130NE PAR\u00c7ALARI","description":"Yaz\u0131c\u0131 otomasyon , cnc makine par\u00e7alar\u0131 , Karb\u00fcr frezeler , Elmas kesici u\u00e7lar , El aletleri , Matkap u\u00e7lar\u0131 , Torna malzemeleri","robots":{"index":"index","follow":"follow","max-snippet":"max-snippet:-1","max-image-preview":"max-image-preview:large","max-video-preview":"max-video-preview:-1"},"canonical":"https:\/\/yaziciotomasyon.com.tr\/","og_locale":"tr_TR","og_type":"article","og_title":"YAZICI OTOMASYON :: CNC MAK\u0130NE PAR\u00c7ALARI","og_description":"Yaz\u0131c\u0131 otomasyon , cnc makine par\u00e7alar\u0131 , Karb\u00fcr frezeler , Elmas kesici u\u00e7lar , El aletleri , Matkap u\u00e7lar\u0131 , Torna malzemeleri","og_url":"https:\/\/yaziciotomasyon.com.tr\/","og_site_name":"Yaz\u0131c\u0131 Otomasyon","article_modified_time":"2023-03-16T12:24:59+00:00","twitter_card":"summary_large_image","schema":{"@context":"https:\/\/schema.org","@graph":[{"@type":"WebPage","@id":"https:\/\/yaziciotomasyon.com.tr\/","url":"https:\/\/yaziciotomasyon.com.tr\/","name":"YAZICI OTOMASYON :: CNC MAK\u0130NE PAR\u00c7ALARI","isPartOf":{"@id":"https:\/\/yaziciotomasyon.com.tr\/#website"},"datePublished":"2023-03-16T12:24:50+00:00","dateModified":"2023-03-16T12:24:59+00:00","description":"Yaz\u0131c\u0131 otomasyon , cnc makine par\u00e7alar\u0131 , Karb\u00fcr frezeler , Elmas kesici u\u00e7lar , El aletleri , Matkap u\u00e7lar\u0131 , Torna malzemeleri","breadcrumb":{"@id":"https:\/\/yaziciotomasyon.com.tr\/#breadcrumb"},"inLanguage":"tr","potentialAction":[{"@type":"ReadAction","target":["https:\/\/yaziciotomasyon.com.tr\/"]}]},{"@type":"BreadcrumbList","@id":"https:\/\/yaziciotomasyon.com.tr\/#breadcrumb","itemListElement":[{"@type":"ListItem","position":1,"name":"Anasayfa","item":"https:\/\/yaziciotomasyon.com.tr\/"},{"@type":"ListItem","position":2,"name":"Anasayfa"}]},{"@type":"WebSite","@id":"https:\/\/yaziciotomasyon.com.tr\/#website","url":"https:\/\/yaziciotomasyon.com.tr\/","name":"Yaz\u0131c\u0131 Otomasyon","description":"","potentialAction":[{"@type":"SearchAction","target":{"@type":"EntryPoint","urlTemplate":"https:\/\/yaziciotomasyon.com.tr\/?s={search_term_string}"},"query-input":"required name=search_term_string"}],"inLanguage":"tr"}]}},"_links":{"self":[{"href":"https:\/\/yaziciotomasyon.com.tr\/index.php?rest_route=\/wp\/v2\/pages\/15","targetHints":{"allow":["GET"]}}],"collection":[{"href":"https:\/\/yaziciotomasyon.com.tr\/index.php?rest_route=\/wp\/v2\/pages"}],"about":[{"href":"https:\/\/yaziciotomasyon.com.tr\/index.php?rest_route=\/wp\/v2\/types\/page"}],"author":[{"embeddable":true,"href":"https:\/\/yaziciotomasyon.com.tr\/index.php?rest_route=\/wp\/v2\/users\/1"}],"replies":[{"embeddable":true,"href":"https:\/\/yaziciotomasyon.com.tr\/index.php?rest_route=%2Fwp%2Fv2%2Fcomments&post=15"}],"version-history":[{"count":1,"href":"https:\/\/yaziciotomasyon.com.tr\/index.php?rest_route=\/wp\/v2\/pages\/15\/revisions"}],"predecessor-version":[{"id":16,"href":"https:\/\/yaziciotomasyon.com.tr\/index.php?rest_route=\/wp\/v2\/pages\/15\/revisions\/16"}],"wp:attachment":[{"href":"https:\/\/yaziciotomasyon.com.tr\/index.php?rest_route=%2Fwp%2Fv2%2Fmedia&parent=15"}],"curies":[{"name":"wp","href":"https:\/\/api.w.org\/{rel}","templated":true}]}}